{"id":141,"date":"2021-06-18T16:31:10","date_gmt":"2021-06-18T14:31:10","guid":{"rendered":"http:\/\/www.lespiedslibres.com\/blog\/?page_id=141"},"modified":"2024-03-22T10:26:46","modified_gmt":"2024-03-22T09:26:46","slug":"therapeutes","status":"publish","type":"page","link":"http:\/\/www.lespiedslibres.com\/blog\/therapeutes\/","title":{"rendered":"Th\u00e9rapeutes"},"content":{"rendered":"\n<div class=\"wp-block-cover alignfull is-light\" style=\"min-height:592px;aspect-ratio:unset;\"><span aria-hidden=\"true\" class=\"wp-block-cover__background has-background-dim-100 has-background-dim\" style=\"background-color:#ffffff\"><\/span><div class=\"wp-block-cover__inner-container is-layout-flow wp-block-cover-is-layout-flow\">\n<div class=\"wp-block-media-text alignwide is-stacked-on-mobile is-vertically-aligned-center\" style=\"grid-template-columns:29% auto\"><figure class=\"wp-block-media-text__media\"><img loading=\"lazy\" decoding=\"async\" width=\"300\" height=\"360\" src=\"http:\/\/www.lespiedslibres.com\/blog\/wp-content\/uploads\/2021\/06\/Chantal_visage-petit-grayscale.jpg\" alt=\"\" class=\"wp-image-43 size-full\" srcset=\"http:\/\/www.lespiedslibres.com\/blog\/wp-content\/uploads\/2021\/06\/Chantal_visage-petit-grayscale.jpg 300w, http:\/\/www.lespiedslibres.com\/blog\/wp-content\/uploads\/2021\/06\/Chantal_visage-petit-grayscale-250x300.jpg 250w\" sizes=\"auto, (max-width: 300px) 100vw, 300px\" \/><\/figure><div class=\"wp-block-media-text__content\">\n<h2 class=\"wp-block-heading has-text-color\" id=\"cneuffer\" style=\"color:#000000;font-size:32px\"><strong>Chantal Neuffer<\/strong><\/h2>\n\n\n\n<p class=\"has-black-color has-text-color has-link-color has-medium-font-size wp-elements-1f6b4587a5d6fcb297b4f9b4c0177954\">R\u00e9flexologie et Chromatoth\u00e9rapie<\/p>\n\n\n\n<p class=\"has-text-color\" style=\"color:#000000;font-size:17px\">J\u2019aime le chant du coq, l\u2019odeur du m\u00e9lilot et la chaleur d\u2019une peau de mouton.&nbsp;Mes racines se trouvent dans les vignes, sur la C\u00f4te vaudoise, mais j\u2019ai grandi au&nbsp;bord du lac L\u00e9man \u00e0 Pr\u00e9verenges. Petite fille, j\u2019\u00e9tais passionn\u00e9e par les plantes,&nbsp;alors je suis devenue horticultrice. Une attirance pour l\u2019Am\u00e9rique latine m\u2019a amen\u00e9e \u00e0 vivre et \u00e0 travailler cinq ans au&nbsp;Honduras pour des ONG locales dans le secteur agricole. De retour en Suisse, je me suis form\u00e9e comme \u00e9ducatrice sp\u00e9cialis\u00e9e.&nbsp;Actuellement, j\u2019exerce encore et ceci depuis une vingtaine d\u2019ann\u00e9es en milieu&nbsp;institutionnel. Depuis 2010, ma vie a chang\u00e9 d&rsquo;orientation avec la d\u00e9couverte de la r\u00e9flexologie et de la chromatoth\u00e9rapie, deux techniques issues de la mati\u00e8re, l&rsquo;une manuelle et l&rsquo;autre \u00e9nerg\u00e9tique.&nbsp;<\/p>\n\n\n\n<p class=\"has-black-color has-text-color has-link-color wp-elements-4df2b84ae2d8b023e5bb0f5d31be5087\"><em>\u00ab\u00a0N\u2019oubliez pas que la terre se r\u00e9jouit de sentir vos pieds nus \u2026\u00a0\u00bb Khalil Gibran<\/em><\/p>\n\n\n\n<div class=\"wp-block-buttons is-layout-flex wp-block-buttons-is-layout-flex\">\n<div class=\"wp-block-button is-style-fill\"><a class=\"wp-block-button__link wp-element-button\" href=\"http:\/\/www.lespiedslibres.com\/blog\/contact\/\">CONTACTEZ-MOI<\/a><\/div>\n<\/div>\n<\/div><\/div>\n<\/div><\/div>\n\n\n\n<div class=\"wp-block-cover alignfull is-light\" style=\"min-height:608px;aspect-ratio:unset;\"><span aria-hidden=\"true\" class=\"wp-block-cover__background has-background-dim-100 has-background-dim\" style=\"background-color:#ffffff\"><\/span><div class=\"wp-block-cover__inner-container is-layout-flow wp-block-cover-is-layout-flow\">\n<div class=\"wp-block-media-text alignwide is-stacked-on-mobile is-vertically-aligned-center\" style=\"grid-template-columns:29% auto\"><figure class=\"wp-block-media-text__media\"><img loading=\"lazy\" decoding=\"async\" width=\"300\" height=\"360\" src=\"http:\/\/www.lespiedslibres.com\/blog\/wp-content\/uploads\/2021\/06\/Jean-Michel-20171108.jpg\" alt=\"\" class=\"wp-image-44 size-full\" srcset=\"http:\/\/www.lespiedslibres.com\/blog\/wp-content\/uploads\/2021\/06\/Jean-Michel-20171108.jpg 300w, http:\/\/www.lespiedslibres.com\/blog\/wp-content\/uploads\/2021\/06\/Jean-Michel-20171108-250x300.jpg 250w\" sizes=\"auto, (max-width: 300px) 100vw, 300px\" \/><\/figure><div class=\"wp-block-media-text__content\">\n<h2 class=\"wp-block-heading has-text-color\" id=\"jmlecourt\" style=\"color:#000000;font-size:32px\"><strong>Jean-Michel LECOURT<\/strong><\/h2>\n\n\n\n<p class=\"has-black-color has-text-color has-link-color has-medium-font-size wp-elements-95203f105e63ffc5e9f42e95c3ae2421\">R\u00e9flexologie et massage m\u00e9tamorphique<\/p>\n\n\n\n<p class=\"has-text-color\" style=\"color:#000000;font-size:17px\">Entre mer et sable, je suis n\u00e9 au S\u00e9n\u00e9gal, \u00e0 Dakar, non loin d\u2019un des plus riches \u00e9cosyst\u00e8mes d\u2019Afrique ; le parc national du Delta du Saloum. Pays d\u2019\u00e9tudes, celles-ci m\u2019ont \u00e9galement conduites, en Gambie, au Gabon, puis en France. Apr\u00e8s quelques ann\u00e9es pass\u00e9es sur ce continent, \u00e0 exercer dans les secteurs du b\u00e2timent, de la m\u00e9canique et de la plong\u00e9e, tant au Gabon qu\u2019en Angola, mon aventure de vie m\u2019a men\u00e9 en Europe. Arriv\u00e9 en Suisse, je me suis orient\u00e9 vers l\u2019informatique et la comptabilit\u00e9 en milieu hospitalier. Actuellement j\u2019oeuvre en institution dans le domaine de la sant\u00e9 pour des personnes en situation de handicap mental. Mon int\u00e9r\u00eat grandissant pour l\u2019\u00eatre et son bien \u00eatre, m\u2019am\u00e8ne, \u00e0 pr\u00e9sent, \u00e0 pratiquer la r\u00e9flexologie et le massage m\u00e9tamorphique, \u00e0 l\u2019 \u00ab Atelier Les Pieds Libres \u00bb.<\/p>\n\n\n\n<p class=\"has-black-color has-text-color has-link-color wp-elements-64eb28e0d07c441c4b022ffb43dae740\"><em>\u00ab La V\u00e9rit\u00e9 est un pays sans chemins, que l&rsquo;on ne peut atteindre par aucune route, quelle qu&rsquo;elle soit : aucune religion, aucune secte. \u00bb Jiddu Krishnamurti<\/em><\/p>\n\n\n\n<div class=\"wp-block-buttons is-layout-flex wp-block-buttons-is-layout-flex\">\n<div class=\"wp-block-button is-style-fill\"><a class=\"wp-block-button__link wp-element-button\" href=\"http:\/\/www.lespiedslibres.com\/blog\/contact\/\">CONTACTEZ-MOI<\/a><\/div>\n<\/div>\n<\/div><\/div>\n<\/div><\/div>\n","protected":false},"excerpt":{"rendered":"","protected":false},"author":1,"featured_media":0,"parent":0,"menu_order":0,"comment_status":"closed","ping_status":"closed","template":"","meta":{"site-sidebar-layout":"default","site-content-layout":"","ast-site-content-layout":"default","site-content-style":"default","site-sidebar-style":"default","ast-global-header-display":"","ast-banner-title-visibility":"","ast-main-header-display":"","ast-hfb-above-header-display":"","ast-hfb-below-header-display":"","ast-hfb-mobile-header-display":"","site-post-title":"","ast-breadcrumbs-content":"","ast-featured-img":"","footer-sml-layout":"","theme-transparent-header-meta":"","adv-header-id-meta":"","stick-header-meta":"","header-above-stick-meta":"","header-main-stick-meta":"","header-below-stick-meta":"","astra-migrate-meta-layouts":"set","ast-page-background-enabled":"default","ast-page-background-meta":{"desktop":{"background-color":"var(--ast-global-color-4)","background-image":"","background-repeat":"repeat","background-position":"center center","background-size":"auto","background-attachment":"scroll","background-type":"","background-media":"","overlay-type":"","overlay-color":"","overlay-gradient":""},"tablet":{"background-color":"","background-image":"","background-repeat":"repeat","background-position":"center center","background-size":"auto","background-attachment":"scroll","background-type":"","background-media":"","overlay-type":"","overlay-color":"","overlay-gradient":""},"mobile":{"background-color":"","background-image":"","background-repeat":"repeat","background-position":"center center","background-size":"auto","background-attachment":"scroll","background-type":"","background-media":"","overlay-type":"","overlay-color":"","overlay-gradient":""}},"ast-content-background-meta":{"desktop":{"background-color":"var(--ast-global-color-5)","background-image":"","background-repeat":"repeat","background-position":"center center","background-size":"auto","background-attachment":"scroll","background-type":"","background-media":"","overlay-type":"","overlay-color":"","overlay-gradient":""},"tablet":{"background-color":"var(--ast-global-color-5)","background-image":"","background-repeat":"repeat","background-position":"center center","background-size":"auto","background-attachment":"scroll","background-type":"","background-media":"","overlay-type":"","overlay-color":"","overlay-gradient":""},"mobile":{"background-color":"var(--ast-global-color-5)","background-image":"","background-repeat":"repeat","background-position":"center center","background-size":"auto","background-attachment":"scroll","background-type":"","background-media":"","overlay-type":"","overlay-color":"","overlay-gradient":""}},"footnotes":""},"class_list":["post-141","page","type-page","status-publish","hentry"],"yoast_head":"<!-- This site is optimized with the Yoast SEO plugin v22.3 - https:\/\/yoast.com\/wordpress\/plugins\/seo\/ -->\n<title>Th\u00e9rapeutes - Les Pieds Libres<\/title>\n<meta name=\"robots\" content=\"noindex, follow, max-snippet:-1, max-image-preview:large, max-video-preview:-1\" \/>\n<meta property=\"og:locale\" content=\"fr_FR\" \/>\n<meta property=\"og:type\" content=\"article\" \/>\n<meta property=\"og:title\" content=\"Th\u00e9rapeutes - Les Pieds Libres\" \/>\n<meta property=\"og:url\" content=\"http:\/\/www.lespiedslibres.com\/blog\/therapeutes\/\" \/>\n<meta property=\"og:site_name\" content=\"Les Pieds Libres\" \/>\n<meta property=\"article:modified_time\" content=\"2024-03-22T09:26:46+00:00\" \/>\n<meta property=\"og:image\" content=\"http:\/\/www.lespiedslibres.com\/blog\/wp-content\/uploads\/2021\/06\/Chantal_visage-petit-grayscale.jpg\" \/>\n<meta name=\"twitter:card\" content=\"summary_large_image\" \/>\n<meta name=\"twitter:label1\" content=\"Dur\u00e9e de lecture estim\u00e9e\" \/>\n\t<meta name=\"twitter:data1\" content=\"2 minutes\" \/>\n<script type=\"application\/ld+json\" class=\"yoast-schema-graph\">{\"@context\":\"https:\/\/schema.org\",\"@graph\":[{\"@type\":\"WebPage\",\"@id\":\"http:\/\/www.lespiedslibres.com\/blog\/therapeutes\/\",\"url\":\"http:\/\/www.lespiedslibres.com\/blog\/therapeutes\/\",\"name\":\"Th\u00e9rapeutes - Les Pieds Libres\",\"isPartOf\":{\"@id\":\"http:\/\/www.lespiedslibres.com\/blog\/#website\"},\"primaryImageOfPage\":{\"@id\":\"http:\/\/www.lespiedslibres.com\/blog\/therapeutes\/#primaryimage\"},\"image\":{\"@id\":\"http:\/\/www.lespiedslibres.com\/blog\/therapeutes\/#primaryimage\"},\"thumbnailUrl\":\"http:\/\/www.lespiedslibres.com\/blog\/wp-content\/uploads\/2021\/06\/Chantal_visage-petit-grayscale.jpg\",\"datePublished\":\"2021-06-18T14:31:10+00:00\",\"dateModified\":\"2024-03-22T09:26:46+00:00\",\"breadcrumb\":{\"@id\":\"http:\/\/www.lespiedslibres.com\/blog\/therapeutes\/#breadcrumb\"},\"inLanguage\":\"fr-FR\",\"potentialAction\":[{\"@type\":\"ReadAction\",\"target\":[\"http:\/\/www.lespiedslibres.com\/blog\/therapeutes\/\"]}]},{\"@type\":\"ImageObject\",\"inLanguage\":\"fr-FR\",\"@id\":\"http:\/\/www.lespiedslibres.com\/blog\/therapeutes\/#primaryimage\",\"url\":\"http:\/\/www.lespiedslibres.com\/blog\/wp-content\/uploads\/2021\/06\/Chantal_visage-petit-grayscale.jpg\",\"contentUrl\":\"http:\/\/www.lespiedslibres.com\/blog\/wp-content\/uploads\/2021\/06\/Chantal_visage-petit-grayscale.jpg\",\"width\":300,\"height\":360},{\"@type\":\"BreadcrumbList\",\"@id\":\"http:\/\/www.lespiedslibres.com\/blog\/therapeutes\/#breadcrumb\",\"itemListElement\":[{\"@type\":\"ListItem\",\"position\":1,\"name\":\"Accueil\",\"item\":\"http:\/\/www.lespiedslibres.com\/blog\/\"},{\"@type\":\"ListItem\",\"position\":2,\"name\":\"Th\u00e9rapeutes\"}]},{\"@type\":\"WebSite\",\"@id\":\"http:\/\/www.lespiedslibres.com\/blog\/#website\",\"url\":\"http:\/\/www.lespiedslibres.com\/blog\/\",\"name\":\"Les Pieds Libres\",\"description\":\"\",\"publisher\":{\"@id\":\"http:\/\/www.lespiedslibres.com\/blog\/#organization\"},\"potentialAction\":[{\"@type\":\"SearchAction\",\"target\":{\"@type\":\"EntryPoint\",\"urlTemplate\":\"http:\/\/www.lespiedslibres.com\/blog\/?s={search_term_string}\"},\"query-input\":\"required name=search_term_string\"}],\"inLanguage\":\"fr-FR\"},{\"@type\":\"Organization\",\"@id\":\"http:\/\/www.lespiedslibres.com\/blog\/#organization\",\"name\":\"Les Pieds Libres\",\"url\":\"http:\/\/www.lespiedslibres.com\/blog\/\",\"logo\":{\"@type\":\"ImageObject\",\"inLanguage\":\"fr-FR\",\"@id\":\"http:\/\/www.lespiedslibres.com\/blog\/#\/schema\/logo\/image\/\",\"url\":\"http:\/\/www.lespiedslibres.com\/blog\/wp-content\/uploads\/2021\/06\/logo-piedslibres-apres-vectorisation-74-trans.jpg\",\"contentUrl\":\"http:\/\/www.lespiedslibres.com\/blog\/wp-content\/uploads\/2021\/06\/logo-piedslibres-apres-vectorisation-74-trans.jpg\",\"width\":74,\"height\":73,\"caption\":\"Les Pieds Libres\"},\"image\":{\"@id\":\"http:\/\/www.lespiedslibres.com\/blog\/#\/schema\/logo\/image\/\"}}]}<\/script>\n<!-- \/ Yoast SEO plugin. -->","yoast_head_json":{"title":"Th\u00e9rapeutes - Les Pieds Libres","robots":{"index":"noindex","follow":"follow","max-snippet":"max-snippet:-1","max-image-preview":"max-image-preview:large","max-video-preview":"max-video-preview:-1"},"og_locale":"fr_FR","og_type":"article","og_title":"Th\u00e9rapeutes - Les Pieds Libres","og_url":"http:\/\/www.lespiedslibres.com\/blog\/therapeutes\/","og_site_name":"Les Pieds Libres","article_modified_time":"2024-03-22T09:26:46+00:00","og_image":[{"url":"http:\/\/www.lespiedslibres.com\/blog\/wp-content\/uploads\/2021\/06\/Chantal_visage-petit-grayscale.jpg"}],"twitter_card":"summary_large_image","twitter_misc":{"Dur\u00e9e de lecture estim\u00e9e":"2 minutes"},"schema":{"@context":"https:\/\/schema.org","@graph":[{"@type":"WebPage","@id":"http:\/\/www.lespiedslibres.com\/blog\/therapeutes\/","url":"http:\/\/www.lespiedslibres.com\/blog\/therapeutes\/","name":"Th\u00e9rapeutes - Les Pieds Libres","isPartOf":{"@id":"http:\/\/www.lespiedslibres.com\/blog\/#website"},"primaryImageOfPage":{"@id":"http:\/\/www.lespiedslibres.com\/blog\/therapeutes\/#primaryimage"},"image":{"@id":"http:\/\/www.lespiedslibres.com\/blog\/therapeutes\/#primaryimage"},"thumbnailUrl":"http:\/\/www.lespiedslibres.com\/blog\/wp-content\/uploads\/2021\/06\/Chantal_visage-petit-grayscale.jpg","datePublished":"2021-06-18T14:31:10+00:00","dateModified":"2024-03-22T09:26:46+00:00","breadcrumb":{"@id":"http:\/\/www.lespiedslibres.com\/blog\/therapeutes\/#breadcrumb"},"inLanguage":"fr-FR","potentialAction":[{"@type":"ReadAction","target":["http:\/\/www.lespiedslibres.com\/blog\/therapeutes\/"]}]},{"@type":"ImageObject","inLanguage":"fr-FR","@id":"http:\/\/www.lespiedslibres.com\/blog\/therapeutes\/#primaryimage","url":"http:\/\/www.lespiedslibres.com\/blog\/wp-content\/uploads\/2021\/06\/Chantal_visage-petit-grayscale.jpg","contentUrl":"http:\/\/www.lespiedslibres.com\/blog\/wp-content\/uploads\/2021\/06\/Chantal_visage-petit-grayscale.jpg","width":300,"height":360},{"@type":"BreadcrumbList","@id":"http:\/\/www.lespiedslibres.com\/blog\/therapeutes\/#breadcrumb","itemListElement":[{"@type":"ListItem","position":1,"name":"Accueil","item":"http:\/\/www.lespiedslibres.com\/blog\/"},{"@type":"ListItem","position":2,"name":"Th\u00e9rapeutes"}]},{"@type":"WebSite","@id":"http:\/\/www.lespiedslibres.com\/blog\/#website","url":"http:\/\/www.lespiedslibres.com\/blog\/","name":"Les Pieds Libres","description":"","publisher":{"@id":"http:\/\/www.lespiedslibres.com\/blog\/#organization"},"potentialAction":[{"@type":"SearchAction","target":{"@type":"EntryPoint","urlTemplate":"http:\/\/www.lespiedslibres.com\/blog\/?s={search_term_string}"},"query-input":"required name=search_term_string"}],"inLanguage":"fr-FR"},{"@type":"Organization","@id":"http:\/\/www.lespiedslibres.com\/blog\/#organization","name":"Les Pieds Libres","url":"http:\/\/www.lespiedslibres.com\/blog\/","logo":{"@type":"ImageObject","inLanguage":"fr-FR","@id":"http:\/\/www.lespiedslibres.com\/blog\/#\/schema\/logo\/image\/","url":"http:\/\/www.lespiedslibres.com\/blog\/wp-content\/uploads\/2021\/06\/logo-piedslibres-apres-vectorisation-74-trans.jpg","contentUrl":"http:\/\/www.lespiedslibres.com\/blog\/wp-content\/uploads\/2021\/06\/logo-piedslibres-apres-vectorisation-74-trans.jpg","width":74,"height":73,"caption":"Les Pieds Libres"},"image":{"@id":"http:\/\/www.lespiedslibres.com\/blog\/#\/schema\/logo\/image\/"}}]}},"_links":{"self":[{"href":"http:\/\/www.lespiedslibres.com\/blog\/wp-json\/wp\/v2\/pages\/141","targetHints":{"allow":["GET"]}}],"collection":[{"href":"http:\/\/www.lespiedslibres.com\/blog\/wp-json\/wp\/v2\/pages"}],"about":[{"href":"http:\/\/www.lespiedslibres.com\/blog\/wp-json\/wp\/v2\/types\/page"}],"author":[{"embeddable":true,"href":"http:\/\/www.lespiedslibres.com\/blog\/wp-json\/wp\/v2\/users\/1"}],"replies":[{"embeddable":true,"href":"http:\/\/www.lespiedslibres.com\/blog\/wp-json\/wp\/v2\/comments?post=141"}],"version-history":[{"count":11,"href":"http:\/\/www.lespiedslibres.com\/blog\/wp-json\/wp\/v2\/pages\/141\/revisions"}],"predecessor-version":[{"id":361,"href":"http:\/\/www.lespiedslibres.com\/blog\/wp-json\/wp\/v2\/pages\/141\/revisions\/361"}],"wp:attachment":[{"href":"http:\/\/www.lespiedslibres.com\/blog\/wp-json\/wp\/v2\/media?parent=141"}],"curies":[{"name":"wp","href":"https:\/\/api.w.org\/{rel}","templated":true}]}}