{"id":151,"date":"2021-06-18T16:48:07","date_gmt":"2021-06-18T14:48:07","guid":{"rendered":"http:\/\/www.lespiedslibres.com\/blog\/?page_id=151"},"modified":"2024-03-22T11:25:32","modified_gmt":"2024-03-22T10:25:32","slug":"tarifs","status":"publish","type":"page","link":"http:\/\/www.lespiedslibres.com\/blog\/tarifs\/","title":{"rendered":"Tarifs"},"content":{"rendered":"\n<h2 class=\"wp-block-heading\">Chantal Neuffer&nbsp;<\/h2>\n\n\n\n<figure class=\"wp-block-table\"><table><tbody><tr><td>R\u00e9flexologie *<\/td><td>Fr. 110.-<\/td><\/tr><tr><td>R\u00e9flexologie b\u00e9b\u00e9 &amp; enfant *<\/td><td>Fr. 75.-<\/td><\/tr><tr><td>Perte de poids selon son type glandulaire (s\u00e9ance individuelle 2h30)<\/td><td>Fr. 200.-<\/td><\/tr><tr><td>Chromatoth\u00e9rapie *<\/td><td>Fr. 110.-<\/td><\/tr><\/tbody><\/table><\/figure>\n\n\n\n<p>* Reconnue <a href=\"http:\/\/www.asca.ch\/dc.aspx?content=Assureurs_conventionnes\" target=\"_blank\" rel=\"noreferrer noopener\">ASC<\/a><a href=\"http:\/\/www.asca.ch\/dc.aspx?content=Assureurs_conventionnes\">A<\/a> &#8211; <a href=\"https:\/\/www.rme.ch\/fr\/partenaires\" target=\"_blank\" rel=\"noreferrer noopener\">RME P<\/a><a href=\"https:\/\/www.rme.ch\/fr\/partenaires\">artenaires<\/a><\/p>\n\n\n\n<h2 class=\"wp-block-heading\">Jean-Michel Lecourt<\/h2>\n\n\n\n<figure class=\"wp-block-table\"><table><tbody><tr><td>R\u00e9flexologie<\/td><td>Fr.100.-<\/td><\/tr><tr><td>Massage m\u00e9tamorphique<\/td><td>Fr.100.-<\/td><\/tr><\/tbody><\/table><\/figure>\n\n\n\n<p>Reconnu <a href=\"http:\/\/www.asca.ch\/dc.aspx?content=Assureurs_conventionnes\" target=\"_blank\" rel=\"noreferrer noopener\">ASCA<\/a><\/p>\n\n\n\n<p>Les s\u00e9ances se paient au comptant, par <a href=\"https:\/\/sumup.fr\/\" target=\"_blank\" rel=\"noreferrer noopener\">SumUp<\/a><\/p>\n\n\n\n<div class=\"wp-block-buttons is-layout-flex wp-block-buttons-is-layout-flex\">\n<div class=\"wp-block-button\"><a class=\"wp-block-button__link wp-element-button\" href=\"http:\/\/www.lespiedslibres.com\/blog\/contact\/\">Pour des bons cadeaux, veuillez nous contacter<\/a><\/div>\n<\/div>\n","protected":false},"excerpt":{"rendered":"<p>Chantal Neuffer&nbsp; R\u00e9flexologie * Fr. 110.- R\u00e9flexologie b\u00e9b\u00e9 &amp; enfant * Fr. 75.- Perte de poids selon son type glandulaire (s\u00e9ance individuelle 2h30) Fr. 200.- Chromatoth\u00e9rapie * Fr. 110.- * Reconnue ASCA &#8211; RME Partenaires Jean-Michel Lecourt R\u00e9flexologie Fr.100.- Massage m\u00e9tamorphique Fr.100.- Reconnu ASCA Les s\u00e9ances se paient au comptant, par SumUp<\/p>\n","protected":false},"author":1,"featured_media":0,"parent":0,"menu_order":0,"comment_status":"closed","ping_status":"closed","template":"","meta":{"site-sidebar-layout":"default","site-content-layout":"","ast-site-content-layout":"default","site-content-style":"default","site-sidebar-style":"default","ast-global-header-display":"","ast-banner-title-visibility":"","ast-main-header-display":"","ast-hfb-above-header-display":"","ast-hfb-below-header-display":"","ast-hfb-mobile-header-display":"","site-post-title":"","ast-breadcrumbs-content":"","ast-featured-img":"","footer-sml-layout":"","theme-transparent-header-meta":"","adv-header-id-meta":"","stick-header-meta":"","header-above-stick-meta":"","header-main-stick-meta":"","header-below-stick-meta":"","astra-migrate-meta-layouts":"set","ast-page-background-enabled":"default","ast-page-background-meta":{"desktop":{"background-color":"var(--ast-global-color-4)","background-image":"","background-repeat":"repeat","background-position":"center center","background-size":"auto","background-attachment":"scroll","background-type":"","background-media":"","overlay-type":"","overlay-color":"","overlay-gradient":""},"tablet":{"background-color":"","background-image":"","background-repeat":"repeat","background-position":"center center","background-size":"auto","background-attachment":"scroll","background-type":"","background-media":"","overlay-type":"","overlay-color":"","overlay-gradient":""},"mobile":{"background-color":"","background-image":"","background-repeat":"repeat","background-position":"center center","background-size":"auto","background-attachment":"scroll","background-type":"","background-media":"","overlay-type":"","overlay-color":"","overlay-gradient":""}},"ast-content-background-meta":{"desktop":{"background-color":"var(--ast-global-color-5)","background-image":"","background-repeat":"repeat","background-position":"center center","background-size":"auto","background-attachment":"scroll","background-type":"","background-media":"","overlay-type":"","overlay-color":"","overlay-gradient":""},"tablet":{"background-color":"var(--ast-global-color-5)","background-image":"","background-repeat":"repeat","background-position":"center center","background-size":"auto","background-attachment":"scroll","background-type":"","background-media":"","overlay-type":"","overlay-color":"","overlay-gradient":""},"mobile":{"background-color":"var(--ast-global-color-5)","background-image":"","background-repeat":"repeat","background-position":"center center","background-size":"auto","background-attachment":"scroll","background-type":"","background-media":"","overlay-type":"","overlay-color":"","overlay-gradient":""}},"footnotes":""},"class_list":["post-151","page","type-page","status-publish","hentry"],"yoast_head":"<!-- This site is optimized with the Yoast SEO plugin v22.3 - https:\/\/yoast.com\/wordpress\/plugins\/seo\/ -->\n<title>Tarifs - Les Pieds Libres<\/title>\n<meta name=\"robots\" content=\"noindex, follow, max-snippet:-1, max-image-preview:large, max-video-preview:-1\" \/>\n<meta property=\"og:locale\" content=\"fr_FR\" \/>\n<meta property=\"og:type\" content=\"article\" \/>\n<meta property=\"og:title\" content=\"Tarifs - Les Pieds Libres\" \/>\n<meta property=\"og:description\" content=\"Chantal Neuffer&nbsp; R\u00e9flexologie * Fr. 110.- R\u00e9flexologie b\u00e9b\u00e9 &amp; enfant * Fr. 75.- Perte de poids selon son type glandulaire (s\u00e9ance individuelle 2h30) Fr. 200.- Chromatoth\u00e9rapie * Fr. 110.- * Reconnue ASCA &#8211; RME Partenaires Jean-Michel Lecourt R\u00e9flexologie Fr.100.- Massage m\u00e9tamorphique Fr.100.- Reconnu ASCA Les s\u00e9ances se paient au comptant, par SumUp\" \/>\n<meta property=\"og:url\" content=\"http:\/\/www.lespiedslibres.com\/blog\/tarifs\/\" \/>\n<meta property=\"og:site_name\" content=\"Les Pieds Libres\" \/>\n<meta property=\"article:modified_time\" content=\"2024-03-22T10:25:32+00:00\" \/>\n<meta name=\"twitter:card\" content=\"summary_large_image\" \/>\n<meta name=\"twitter:label1\" content=\"Dur\u00e9e de lecture estim\u00e9e\" \/>\n\t<meta name=\"twitter:data1\" content=\"1 minute\" \/>\n<script type=\"application\/ld+json\" class=\"yoast-schema-graph\">{\"@context\":\"https:\/\/schema.org\",\"@graph\":[{\"@type\":\"WebPage\",\"@id\":\"http:\/\/www.lespiedslibres.com\/blog\/tarifs\/\",\"url\":\"http:\/\/www.lespiedslibres.com\/blog\/tarifs\/\",\"name\":\"Tarifs - Les Pieds Libres\",\"isPartOf\":{\"@id\":\"http:\/\/www.lespiedslibres.com\/blog\/#website\"},\"datePublished\":\"2021-06-18T14:48:07+00:00\",\"dateModified\":\"2024-03-22T10:25:32+00:00\",\"breadcrumb\":{\"@id\":\"http:\/\/www.lespiedslibres.com\/blog\/tarifs\/#breadcrumb\"},\"inLanguage\":\"fr-FR\",\"potentialAction\":[{\"@type\":\"ReadAction\",\"target\":[\"http:\/\/www.lespiedslibres.com\/blog\/tarifs\/\"]}]},{\"@type\":\"BreadcrumbList\",\"@id\":\"http:\/\/www.lespiedslibres.com\/blog\/tarifs\/#breadcrumb\",\"itemListElement\":[{\"@type\":\"ListItem\",\"position\":1,\"name\":\"Accueil\",\"item\":\"http:\/\/www.lespiedslibres.com\/blog\/\"},{\"@type\":\"ListItem\",\"position\":2,\"name\":\"Tarifs\"}]},{\"@type\":\"WebSite\",\"@id\":\"http:\/\/www.lespiedslibres.com\/blog\/#website\",\"url\":\"http:\/\/www.lespiedslibres.com\/blog\/\",\"name\":\"Les Pieds Libres\",\"description\":\"\",\"publisher\":{\"@id\":\"http:\/\/www.lespiedslibres.com\/blog\/#organization\"},\"potentialAction\":[{\"@type\":\"SearchAction\",\"target\":{\"@type\":\"EntryPoint\",\"urlTemplate\":\"http:\/\/www.lespiedslibres.com\/blog\/?s={search_term_string}\"},\"query-input\":\"required name=search_term_string\"}],\"inLanguage\":\"fr-FR\"},{\"@type\":\"Organization\",\"@id\":\"http:\/\/www.lespiedslibres.com\/blog\/#organization\",\"name\":\"Les Pieds Libres\",\"url\":\"http:\/\/www.lespiedslibres.com\/blog\/\",\"logo\":{\"@type\":\"ImageObject\",\"inLanguage\":\"fr-FR\",\"@id\":\"http:\/\/www.lespiedslibres.com\/blog\/#\/schema\/logo\/image\/\",\"url\":\"http:\/\/www.lespiedslibres.com\/blog\/wp-content\/uploads\/2021\/06\/logo-piedslibres-apres-vectorisation-74-trans.jpg\",\"contentUrl\":\"http:\/\/www.lespiedslibres.com\/blog\/wp-content\/uploads\/2021\/06\/logo-piedslibres-apres-vectorisation-74-trans.jpg\",\"width\":74,\"height\":73,\"caption\":\"Les Pieds Libres\"},\"image\":{\"@id\":\"http:\/\/www.lespiedslibres.com\/blog\/#\/schema\/logo\/image\/\"}}]}<\/script>\n<!-- \/ Yoast SEO plugin. -->","yoast_head_json":{"title":"Tarifs - Les Pieds Libres","robots":{"index":"noindex","follow":"follow","max-snippet":"max-snippet:-1","max-image-preview":"max-image-preview:large","max-video-preview":"max-video-preview:-1"},"og_locale":"fr_FR","og_type":"article","og_title":"Tarifs - Les Pieds Libres","og_description":"Chantal Neuffer&nbsp; R\u00e9flexologie * Fr. 110.- R\u00e9flexologie b\u00e9b\u00e9 &amp; enfant * Fr. 75.- Perte de poids selon son type glandulaire (s\u00e9ance individuelle 2h30) Fr. 200.- Chromatoth\u00e9rapie * Fr. 110.- * Reconnue ASCA &#8211; RME Partenaires Jean-Michel Lecourt R\u00e9flexologie Fr.100.- Massage m\u00e9tamorphique Fr.100.- Reconnu ASCA Les s\u00e9ances se paient au comptant, par SumUp","og_url":"http:\/\/www.lespiedslibres.com\/blog\/tarifs\/","og_site_name":"Les Pieds Libres","article_modified_time":"2024-03-22T10:25:32+00:00","twitter_card":"summary_large_image","twitter_misc":{"Dur\u00e9e de lecture estim\u00e9e":"1 minute"},"schema":{"@context":"https:\/\/schema.org","@graph":[{"@type":"WebPage","@id":"http:\/\/www.lespiedslibres.com\/blog\/tarifs\/","url":"http:\/\/www.lespiedslibres.com\/blog\/tarifs\/","name":"Tarifs - Les Pieds Libres","isPartOf":{"@id":"http:\/\/www.lespiedslibres.com\/blog\/#website"},"datePublished":"2021-06-18T14:48:07+00:00","dateModified":"2024-03-22T10:25:32+00:00","breadcrumb":{"@id":"http:\/\/www.lespiedslibres.com\/blog\/tarifs\/#breadcrumb"},"inLanguage":"fr-FR","potentialAction":[{"@type":"ReadAction","target":["http:\/\/www.lespiedslibres.com\/blog\/tarifs\/"]}]},{"@type":"BreadcrumbList","@id":"http:\/\/www.lespiedslibres.com\/blog\/tarifs\/#breadcrumb","itemListElement":[{"@type":"ListItem","position":1,"name":"Accueil","item":"http:\/\/www.lespiedslibres.com\/blog\/"},{"@type":"ListItem","position":2,"name":"Tarifs"}]},{"@type":"WebSite","@id":"http:\/\/www.lespiedslibres.com\/blog\/#website","url":"http:\/\/www.lespiedslibres.com\/blog\/","name":"Les Pieds Libres","description":"","publisher":{"@id":"http:\/\/www.lespiedslibres.com\/blog\/#organization"},"potentialAction":[{"@type":"SearchAction","target":{"@type":"EntryPoint","urlTemplate":"http:\/\/www.lespiedslibres.com\/blog\/?s={search_term_string}"},"query-input":"required name=search_term_string"}],"inLanguage":"fr-FR"},{"@type":"Organization","@id":"http:\/\/www.lespiedslibres.com\/blog\/#organization","name":"Les Pieds Libres","url":"http:\/\/www.lespiedslibres.com\/blog\/","logo":{"@type":"ImageObject","inLanguage":"fr-FR","@id":"http:\/\/www.lespiedslibres.com\/blog\/#\/schema\/logo\/image\/","url":"http:\/\/www.lespiedslibres.com\/blog\/wp-content\/uploads\/2021\/06\/logo-piedslibres-apres-vectorisation-74-trans.jpg","contentUrl":"http:\/\/www.lespiedslibres.com\/blog\/wp-content\/uploads\/2021\/06\/logo-piedslibres-apres-vectorisation-74-trans.jpg","width":74,"height":73,"caption":"Les Pieds Libres"},"image":{"@id":"http:\/\/www.lespiedslibres.com\/blog\/#\/schema\/logo\/image\/"}}]}},"_links":{"self":[{"href":"http:\/\/www.lespiedslibres.com\/blog\/wp-json\/wp\/v2\/pages\/151","targetHints":{"allow":["GET"]}}],"collection":[{"href":"http:\/\/www.lespiedslibres.com\/blog\/wp-json\/wp\/v2\/pages"}],"about":[{"href":"http:\/\/www.lespiedslibres.com\/blog\/wp-json\/wp\/v2\/types\/page"}],"author":[{"embeddable":true,"href":"http:\/\/www.lespiedslibres.com\/blog\/wp-json\/wp\/v2\/users\/1"}],"replies":[{"embeddable":true,"href":"http:\/\/www.lespiedslibres.com\/blog\/wp-json\/wp\/v2\/comments?post=151"}],"version-history":[{"count":6,"href":"http:\/\/www.lespiedslibres.com\/blog\/wp-json\/wp\/v2\/pages\/151\/revisions"}],"predecessor-version":[{"id":383,"href":"http:\/\/www.lespiedslibres.com\/blog\/wp-json\/wp\/v2\/pages\/151\/revisions\/383"}],"wp:attachment":[{"href":"http:\/\/www.lespiedslibres.com\/blog\/wp-json\/wp\/v2\/media?parent=151"}],"curies":[{"name":"wp","href":"https:\/\/api.w.org\/{rel}","templated":true}]}}