{"id":24,"date":"2021-06-18T10:02:12","date_gmt":"2021-06-18T08:02:12","guid":{"rendered":"http:\/\/www.lespiedslibres.com\/blog\/?page_id=24"},"modified":"2024-03-22T10:27:49","modified_gmt":"2024-03-22T09:27:49","slug":"24-2","status":"publish","type":"page","link":"http:\/\/www.lespiedslibres.com\/blog\/","title":{"rendered":""},"content":{"rendered":"\n<div class=\"wp-block-group alignfull has-text-color has-background is-layout-constrained wp-block-group-is-layout-constrained\" style=\"color:#000000;background-color:#ffffff;background-image:url(&apos;http:\/\/www.lespiedslibres.com\/blog\/wp-content\/uploads\/2021\/06\/LesPiedsLIbres_bgimg_accueil_atelier_1200.jpg&apos;);background-size:cover;\">\n<div style=\"height:0px;width:0px\" aria-hidden=\"true\" class=\"wp-block-spacer\"><\/div>\n\n\n\n<h2 class=\"wp-block-heading has-text-align-center has-ast-global-color-4-color has-text-color has-link-color wp-elements-348bc637b80e043be6d174a07aaa3115\" id=\"schedule-a-visit\" style=\"font-size:51px;line-height:1.15\"><strong>Atelier Les Pieds Libres<\/strong><\/h2>\n\n\n\n<blockquote class=\"wp-block-quote is-layout-flow wp-block-quote-is-layout-flow\">\n<p class=\"has-text-align-center has-ast-global-color-5-color has-text-color has-link-color has-medium-font-size wp-elements-65d782e9d426145e748fbbd8fe20e860\">Espace th\u00e9rapeutique ou \u00ab Atelier \u00bb o\u00f9 l&rsquo;on pratique des techniques manuelles de massage en r\u00e9flexologie, ainsi que des m\u00e9thodes \u00e9nerg\u00e9tiques telles que la chromatoth\u00e9rapie et le massage m\u00e9tamorphique.&nbsp;<\/p>\n<\/blockquote>\n\n\n\n<div class=\"wp-block-buttons is-horizontal is-content-justification-center is-layout-flex wp-container-core-buttons-is-layout-03627597 wp-block-buttons-is-layout-flex\">\n<div class=\"wp-block-button\"><a class=\"wp-block-button__link has-ast-global-color-0-background-color has-text-color has-background wp-element-button\" href=\"http:\/\/www.lespiedslibres.com\/blog\/contact\/\" style=\"border-radius:50px;color:#ffffff\">Contactez-nous<\/a><\/div>\n<\/div>\n\n\n\n<div style=\"height:0px;width:0px\" aria-hidden=\"true\" class=\"wp-block-spacer\"><\/div>\n<\/div>\n\n\n\n<div class=\"wp-block-group alignfull has-text-color has-background is-layout-constrained wp-block-group-is-layout-constrained\" style=\"color:#000000;background-color:#c7fb4b\">\n<div class=\"wp-block-media-text is-stacked-on-mobile\" style=\"grid-template-columns:23% auto\"><figure class=\"wp-block-media-text__media\"><img loading=\"lazy\" decoding=\"async\" width=\"300\" height=\"297\" src=\"http:\/\/www.lespiedslibres.com\/blog\/wp-content\/uploads\/2021\/06\/LogoPiedsLibres_grand_trans_1000-300x297.png\" alt=\"\" class=\"wp-image-32 size-medium\" srcset=\"http:\/\/www.lespiedslibres.com\/blog\/wp-content\/uploads\/2021\/06\/LogoPiedsLibres_grand_trans_1000-300x297.png 300w, http:\/\/www.lespiedslibres.com\/blog\/wp-content\/uploads\/2021\/06\/LogoPiedsLibres_grand_trans_1000-150x150.png 150w, http:\/\/www.lespiedslibres.com\/blog\/wp-content\/uploads\/2021\/06\/LogoPiedsLibres_grand_trans_1000-768x761.png 768w, http:\/\/www.lespiedslibres.com\/blog\/wp-content\/uploads\/2021\/06\/LogoPiedsLibres_grand_trans_1000.png 1000w\" sizes=\"auto, (max-width: 300px) 100vw, 300px\" \/><\/figure><div class=\"wp-block-media-text__content\">\n<p class=\"has-medium-font-size\"><strong>Les Pieds Libres<\/strong> est un lieu facile d&rsquo;acc\u00e8s, un endroit chaleureux, situ\u00e9 \u00e0 Pr\u00e9verenges, entre Morges et Lausanne, \u00e0 proximit\u00e9 du lac. Une place de parc gratuite est \u00e0 votre disposition. Les <a href=\"http:\/\/www.lespiedslibres.com\/blog\/therapeutes\/\" target=\"_blank\" rel=\"noreferrer noopener\">th\u00e9rapeutes<\/a> de l&rsquo;Atelier vous re\u00e7oivent sur rendez-vous les jours ouvrables (exceptionnellement le samedi).<\/p>\n<\/div><\/div>\n<\/div>\n\n\n\n<div class=\"wp-block-columns is-layout-flex wp-container-core-columns-is-layout-28f84493 wp-block-columns-is-layout-flex\">\n<div class=\"wp-block-column is-layout-flow wp-block-column-is-layout-flow\">\n<div class=\"wp-block-columns is-layout-flex wp-container-core-columns-is-layout-28f84493 wp-block-columns-is-layout-flex\">\n<div class=\"wp-block-column cartevisite is-layout-flow wp-block-column-is-layout-flow\">\n<h2 class=\"wp-block-heading has-text-align-center\">Th\u00e9rapeutes Atelier Les Pieds Libres<\/h2>\n<\/div>\n<\/div>\n<\/div>\n<\/div>\n\n\n\n<div class=\"wp-block-columns is-layout-flex wp-container-core-columns-is-layout-28f84493 wp-block-columns-is-layout-flex\">\n<div class=\"wp-block-column is-layout-flow wp-block-column-is-layout-flow\">\n<div class=\"wp-block-columns is-layout-flex wp-container-core-columns-is-layout-28f84493 wp-block-columns-is-layout-flex\">\n<div class=\"wp-block-column cartevisite is-layout-flow wp-block-column-is-layout-flow\">\n<h3 class=\"wp-block-heading has-text-align-center\">Chantal Neuffer<\/h3>\n\n\n\n<p class=\"has-text-align-center\">R\u00e9flexologie et chromatoth\u00e9rapie<\/p>\n\n\n\n<figure class=\"wp-block-image aligncenter size-large is-resized\"><a href=\"http:\/\/www.lespiedslibres.com\/blog\/therapeutes\/#cneuffer\"><img loading=\"lazy\" decoding=\"async\" width=\"300\" height=\"360\" src=\"http:\/\/www.lespiedslibres.com\/blog\/wp-content\/uploads\/2021\/06\/Chantal_visage-petit-grayscale.jpg\" alt=\"\" class=\"wp-image-43\" srcset=\"http:\/\/www.lespiedslibres.com\/blog\/wp-content\/uploads\/2021\/06\/Chantal_visage-petit-grayscale.jpg 300w, http:\/\/www.lespiedslibres.com\/blog\/wp-content\/uploads\/2021\/06\/Chantal_visage-petit-grayscale-250x300.jpg 250w\" sizes=\"auto, (max-width: 300px) 100vw, 300px\" \/><\/a><\/figure>\n<\/div>\n\n\n\n<div class=\"wp-block-column cartevisite is-layout-flow wp-block-column-is-layout-flow\">\n<h3 class=\"wp-block-heading has-text-align-center\">Jean-Michel Lecourt<\/h3>\n\n\n\n<p class=\"has-text-align-center\">R\u00e9flexologie &amp; Massage m\u00e9tamorphique<\/p>\n\n\n\n<figure class=\"wp-block-image aligncenter size-large is-resized\"><a href=\"http:\/\/www.lespiedslibres.com\/blog\/therapeutes\/#jmlecourt\"><img loading=\"lazy\" decoding=\"async\" width=\"300\" height=\"360\" src=\"http:\/\/www.lespiedslibres.com\/blog\/wp-content\/uploads\/2021\/06\/Jean-Michel-20171108.jpg\" alt=\"\" class=\"wp-image-44\" srcset=\"http:\/\/www.lespiedslibres.com\/blog\/wp-content\/uploads\/2021\/06\/Jean-Michel-20171108.jpg 300w, http:\/\/www.lespiedslibres.com\/blog\/wp-content\/uploads\/2021\/06\/Jean-Michel-20171108-250x300.jpg 250w\" sizes=\"auto, (max-width: 300px) 100vw, 300px\" \/><\/a><\/figure>\n<\/div>\n<\/div>\n<\/div>\n<\/div>\n","protected":false},"excerpt":{"rendered":"<p>Atelier Les Pieds Libres Espace th\u00e9rapeutique ou \u00ab Atelier \u00bb o\u00f9 l&rsquo;on pratique des techniques manuelles de massage en r\u00e9flexologie, ainsi que des m\u00e9thodes \u00e9nerg\u00e9tiques telles que la chromatoth\u00e9rapie et le massage m\u00e9tamorphique.&nbsp; Les Pieds Libres est un lieu facile d&rsquo;acc\u00e8s, un endroit chaleureux, situ\u00e9 \u00e0 Pr\u00e9verenges, entre Morges et Lausanne, \u00e0 proximit\u00e9 du lac. [&hellip;]<\/p>\n","protected":false},"author":1,"featured_media":0,"parent":0,"menu_order":0,"comment_status":"closed","ping_status":"closed","template":"","meta":{"site-sidebar-layout":"default","site-content-layout":"default","ast-site-content-layout":"default","site-content-style":"default","site-sidebar-style":"default","ast-global-header-display":"","ast-banner-title-visibility":"","ast-main-header-display":"","ast-hfb-above-header-display":"","ast-hfb-below-header-display":"","ast-hfb-mobile-header-display":"","site-post-title":"disabled","ast-breadcrumbs-content":"","ast-featured-img":"","footer-sml-layout":"","theme-transparent-header-meta":"default","adv-header-id-meta":"","stick-header-meta":"","header-above-stick-meta":"","header-main-stick-meta":"","header-below-stick-meta":"","astra-migrate-meta-layouts":"set","ast-page-background-enabled":"default","ast-page-background-meta":{"desktop":{"background-color":"var(--ast-global-color-4)","background-image":"","background-repeat":"repeat","background-position":"center center","background-size":"auto","background-attachment":"scroll","background-type":"","background-media":"","overlay-type":"","overlay-color":"","overlay-gradient":""},"tablet":{"background-color":"","background-image":"","background-repeat":"repeat","background-position":"center center","background-size":"auto","background-attachment":"scroll","background-type":"","background-media":"","overlay-type":"","overlay-color":"","overlay-gradient":""},"mobile":{"background-color":"","background-image":"","background-repeat":"repeat","background-position":"center center","background-size":"auto","background-attachment":"scroll","background-type":"","background-media":"","overlay-type":"","overlay-color":"","overlay-gradient":""}},"ast-content-background-meta":{"desktop":{"background-color":"var(--ast-global-color-5)","background-image":"","background-repeat":"repeat","background-position":"center center","background-size":"auto","background-attachment":"scroll","background-type":"","background-media":"","overlay-type":"","overlay-color":"","overlay-gradient":""},"tablet":{"background-color":"var(--ast-global-color-5)","background-image":"","background-repeat":"repeat","background-position":"center center","background-size":"auto","background-attachment":"scroll","background-type":"","background-media":"","overlay-type":"","overlay-color":"","overlay-gradient":""},"mobile":{"background-color":"var(--ast-global-color-5)","background-image":"","background-repeat":"repeat","background-position":"center center","background-size":"auto","background-attachment":"scroll","background-type":"","background-media":"","overlay-type":"","overlay-color":"","overlay-gradient":""}},"footnotes":""},"class_list":["post-24","page","type-page","status-publish","hentry"],"yoast_head":"<!-- This site is optimized with the Yoast SEO plugin v22.3 - https:\/\/yoast.com\/wordpress\/plugins\/seo\/ -->\n<title>- Les Pieds Libres<\/title>\n<meta name=\"robots\" content=\"noindex, follow, max-snippet:-1, max-image-preview:large, max-video-preview:-1\" \/>\n<meta property=\"og:locale\" content=\"fr_FR\" \/>\n<meta property=\"og:type\" content=\"article\" \/>\n<meta property=\"og:title\" content=\"- Les Pieds Libres\" \/>\n<meta property=\"og:description\" content=\"Atelier Les Pieds Libres Espace th\u00e9rapeutique ou \u00ab Atelier \u00bb o\u00f9 l&rsquo;on pratique des techniques manuelles de massage en r\u00e9flexologie, ainsi que des m\u00e9thodes \u00e9nerg\u00e9tiques telles que la chromatoth\u00e9rapie et le massage m\u00e9tamorphique.&nbsp; Les Pieds Libres est un lieu facile d&rsquo;acc\u00e8s, un endroit chaleureux, situ\u00e9 \u00e0 Pr\u00e9verenges, entre Morges et Lausanne, \u00e0 proximit\u00e9 du lac. [&hellip;]\" \/>\n<meta property=\"og:url\" content=\"http:\/\/www.lespiedslibres.com\/blog\/\" \/>\n<meta property=\"og:site_name\" content=\"Les Pieds Libres\" \/>\n<meta property=\"article:modified_time\" content=\"2024-03-22T09:27:49+00:00\" \/>\n<meta property=\"og:image\" content=\"http:\/\/www.lespiedslibres.com\/blog\/wp-content\/uploads\/2021\/06\/LogoPiedsLibres_grand_trans_1000-300x297.png\" \/>\n<meta name=\"twitter:card\" content=\"summary_large_image\" \/>\n<meta name=\"twitter:label1\" content=\"Dur\u00e9e de lecture estim\u00e9e\" \/>\n\t<meta name=\"twitter:data1\" content=\"1 minute\" \/>\n<script type=\"application\/ld+json\" class=\"yoast-schema-graph\">{\"@context\":\"https:\/\/schema.org\",\"@graph\":[{\"@type\":\"WebPage\",\"@id\":\"http:\/\/www.lespiedslibres.com\/blog\/\",\"url\":\"http:\/\/www.lespiedslibres.com\/blog\/\",\"name\":\"- Les Pieds Libres\",\"isPartOf\":{\"@id\":\"http:\/\/www.lespiedslibres.com\/blog\/#website\"},\"primaryImageOfPage\":{\"@id\":\"http:\/\/www.lespiedslibres.com\/blog\/#primaryimage\"},\"image\":{\"@id\":\"http:\/\/www.lespiedslibres.com\/blog\/#primaryimage\"},\"thumbnailUrl\":\"http:\/\/www.lespiedslibres.com\/blog\/wp-content\/uploads\/2021\/06\/LogoPiedsLibres_grand_trans_1000-300x297.png\",\"datePublished\":\"2021-06-18T08:02:12+00:00\",\"dateModified\":\"2024-03-22T09:27:49+00:00\",\"inLanguage\":\"fr-FR\",\"potentialAction\":[{\"@type\":\"ReadAction\",\"target\":[\"http:\/\/www.lespiedslibres.com\/blog\/\"]}]},{\"@type\":\"ImageObject\",\"inLanguage\":\"fr-FR\",\"@id\":\"http:\/\/www.lespiedslibres.com\/blog\/#primaryimage\",\"url\":\"http:\/\/www.lespiedslibres.com\/blog\/wp-content\/uploads\/2021\/06\/LogoPiedsLibres_grand_trans_1000.png\",\"contentUrl\":\"http:\/\/www.lespiedslibres.com\/blog\/wp-content\/uploads\/2021\/06\/LogoPiedsLibres_grand_trans_1000.png\",\"width\":1000,\"height\":991},{\"@type\":\"WebSite\",\"@id\":\"http:\/\/www.lespiedslibres.com\/blog\/#website\",\"url\":\"http:\/\/www.lespiedslibres.com\/blog\/\",\"name\":\"Les Pieds Libres\",\"description\":\"\",\"publisher\":{\"@id\":\"http:\/\/www.lespiedslibres.com\/blog\/#organization\"},\"potentialAction\":[{\"@type\":\"SearchAction\",\"target\":{\"@type\":\"EntryPoint\",\"urlTemplate\":\"http:\/\/www.lespiedslibres.com\/blog\/?s={search_term_string}\"},\"query-input\":\"required name=search_term_string\"}],\"inLanguage\":\"fr-FR\"},{\"@type\":\"Organization\",\"@id\":\"http:\/\/www.lespiedslibres.com\/blog\/#organization\",\"name\":\"Les Pieds Libres\",\"url\":\"http:\/\/www.lespiedslibres.com\/blog\/\",\"logo\":{\"@type\":\"ImageObject\",\"inLanguage\":\"fr-FR\",\"@id\":\"http:\/\/www.lespiedslibres.com\/blog\/#\/schema\/logo\/image\/\",\"url\":\"http:\/\/www.lespiedslibres.com\/blog\/wp-content\/uploads\/2021\/06\/logo-piedslibres-apres-vectorisation-74-trans.jpg\",\"contentUrl\":\"http:\/\/www.lespiedslibres.com\/blog\/wp-content\/uploads\/2021\/06\/logo-piedslibres-apres-vectorisation-74-trans.jpg\",\"width\":74,\"height\":73,\"caption\":\"Les Pieds Libres\"},\"image\":{\"@id\":\"http:\/\/www.lespiedslibres.com\/blog\/#\/schema\/logo\/image\/\"}}]}<\/script>\n<!-- \/ Yoast SEO plugin. -->","yoast_head_json":{"title":"- Les Pieds Libres","robots":{"index":"noindex","follow":"follow","max-snippet":"max-snippet:-1","max-image-preview":"max-image-preview:large","max-video-preview":"max-video-preview:-1"},"og_locale":"fr_FR","og_type":"article","og_title":"- Les Pieds Libres","og_description":"Atelier Les Pieds Libres Espace th\u00e9rapeutique ou \u00ab Atelier \u00bb o\u00f9 l&rsquo;on pratique des techniques manuelles de massage en r\u00e9flexologie, ainsi que des m\u00e9thodes \u00e9nerg\u00e9tiques telles que la chromatoth\u00e9rapie et le massage m\u00e9tamorphique.&nbsp; Les Pieds Libres est un lieu facile d&rsquo;acc\u00e8s, un endroit chaleureux, situ\u00e9 \u00e0 Pr\u00e9verenges, entre Morges et Lausanne, \u00e0 proximit\u00e9 du lac. [&hellip;]","og_url":"http:\/\/www.lespiedslibres.com\/blog\/","og_site_name":"Les Pieds Libres","article_modified_time":"2024-03-22T09:27:49+00:00","og_image":[{"url":"http:\/\/www.lespiedslibres.com\/blog\/wp-content\/uploads\/2021\/06\/LogoPiedsLibres_grand_trans_1000-300x297.png"}],"twitter_card":"summary_large_image","twitter_misc":{"Dur\u00e9e de lecture estim\u00e9e":"1 minute"},"schema":{"@context":"https:\/\/schema.org","@graph":[{"@type":"WebPage","@id":"http:\/\/www.lespiedslibres.com\/blog\/","url":"http:\/\/www.lespiedslibres.com\/blog\/","name":"- Les Pieds Libres","isPartOf":{"@id":"http:\/\/www.lespiedslibres.com\/blog\/#website"},"primaryImageOfPage":{"@id":"http:\/\/www.lespiedslibres.com\/blog\/#primaryimage"},"image":{"@id":"http:\/\/www.lespiedslibres.com\/blog\/#primaryimage"},"thumbnailUrl":"http:\/\/www.lespiedslibres.com\/blog\/wp-content\/uploads\/2021\/06\/LogoPiedsLibres_grand_trans_1000-300x297.png","datePublished":"2021-06-18T08:02:12+00:00","dateModified":"2024-03-22T09:27:49+00:00","inLanguage":"fr-FR","potentialAction":[{"@type":"ReadAction","target":["http:\/\/www.lespiedslibres.com\/blog\/"]}]},{"@type":"ImageObject","inLanguage":"fr-FR","@id":"http:\/\/www.lespiedslibres.com\/blog\/#primaryimage","url":"http:\/\/www.lespiedslibres.com\/blog\/wp-content\/uploads\/2021\/06\/LogoPiedsLibres_grand_trans_1000.png","contentUrl":"http:\/\/www.lespiedslibres.com\/blog\/wp-content\/uploads\/2021\/06\/LogoPiedsLibres_grand_trans_1000.png","width":1000,"height":991},{"@type":"WebSite","@id":"http:\/\/www.lespiedslibres.com\/blog\/#website","url":"http:\/\/www.lespiedslibres.com\/blog\/","name":"Les Pieds Libres","description":"","publisher":{"@id":"http:\/\/www.lespiedslibres.com\/blog\/#organization"},"potentialAction":[{"@type":"SearchAction","target":{"@type":"EntryPoint","urlTemplate":"http:\/\/www.lespiedslibres.com\/blog\/?s={search_term_string}"},"query-input":"required name=search_term_string"}],"inLanguage":"fr-FR"},{"@type":"Organization","@id":"http:\/\/www.lespiedslibres.com\/blog\/#organization","name":"Les Pieds Libres","url":"http:\/\/www.lespiedslibres.com\/blog\/","logo":{"@type":"ImageObject","inLanguage":"fr-FR","@id":"http:\/\/www.lespiedslibres.com\/blog\/#\/schema\/logo\/image\/","url":"http:\/\/www.lespiedslibres.com\/blog\/wp-content\/uploads\/2021\/06\/logo-piedslibres-apres-vectorisation-74-trans.jpg","contentUrl":"http:\/\/www.lespiedslibres.com\/blog\/wp-content\/uploads\/2021\/06\/logo-piedslibres-apres-vectorisation-74-trans.jpg","width":74,"height":73,"caption":"Les Pieds Libres"},"image":{"@id":"http:\/\/www.lespiedslibres.com\/blog\/#\/schema\/logo\/image\/"}}]}},"_links":{"self":[{"href":"http:\/\/www.lespiedslibres.com\/blog\/wp-json\/wp\/v2\/pages\/24","targetHints":{"allow":["GET"]}}],"collection":[{"href":"http:\/\/www.lespiedslibres.com\/blog\/wp-json\/wp\/v2\/pages"}],"about":[{"href":"http:\/\/www.lespiedslibres.com\/blog\/wp-json\/wp\/v2\/types\/page"}],"author":[{"embeddable":true,"href":"http:\/\/www.lespiedslibres.com\/blog\/wp-json\/wp\/v2\/users\/1"}],"replies":[{"embeddable":true,"href":"http:\/\/www.lespiedslibres.com\/blog\/wp-json\/wp\/v2\/comments?post=24"}],"version-history":[{"count":51,"href":"http:\/\/www.lespiedslibres.com\/blog\/wp-json\/wp\/v2\/pages\/24\/revisions"}],"predecessor-version":[{"id":362,"href":"http:\/\/www.lespiedslibres.com\/blog\/wp-json\/wp\/v2\/pages\/24\/revisions\/362"}],"wp:attachment":[{"href":"http:\/\/www.lespiedslibres.com\/blog\/wp-json\/wp\/v2\/media?parent=24"}],"curies":[{"name":"wp","href":"https:\/\/api.w.org\/{rel}","templated":true}]}}