{"id":297,"date":"2024-02-29T15:41:10","date_gmt":"2024-02-29T14:41:10","guid":{"rendered":"http:\/\/www.lespiedslibres.com\/blog\/?page_id=297"},"modified":"2024-02-29T15:41:11","modified_gmt":"2024-02-29T14:41:11","slug":"code-ethique","status":"publish","type":"page","link":"http:\/\/www.lespiedslibres.com\/blog\/code-ethique\/","title":{"rendered":"Code \u00e9thique"},"content":{"rendered":"\n<h1 class=\"wp-block-heading\">Code \u00e9thique Les Pieds Libres<\/h1>\n\n\n\n<ul class=\"wp-block-list\">\n<li>Notre travail a pour but \/objectif de restaurer au maximum l\u2019autonomie de nos clients<\/li>\n\n\n\n<li>Nous ne posons aucun diagnostic m\u00e9dical et n\u2019intervenons dans aucune d\u00e9cision&nbsp;th\u00e9rapeutique<\/li>\n\n\n\n<li>Nous observons l\u2019attitude absolue de r\u00e9serve et de secret professionnel pour tous nos clients<\/li>\n\n\n\n<li>Toute personne se plaignant ou pr\u00e9sentant des sympt\u00f4mes anormaux est&nbsp;orient\u00e9e sans d\u00e9lai vers son m\u00e9decin traitant<\/li>\n\n\n\n<li>A tout moment nous laissons \u00e0 nos clients la libert\u00e9 du choix&nbsp;th\u00e9rapeutique<\/li>\n\n\n\n<li>Nous pr\u00e9servons et d\u00e9veloppons nos connaissances et comp\u00e9tences en&nbsp;accomplissant r\u00e9guli\u00e8rement une formation continue<\/li>\n\n\n\n<li>Apr\u00e8s chaque s\u00e9ance, nous invitons les clients \u00e0 nous contacter par t\u00e9l\u00e9phone, mail&nbsp;ou SMS si urgence ou inqui\u00e9tude<\/li>\n\n\n\n<li>Nous connaissons nos limites<\/li>\n\n\n\n<li>Nous nous engageons \u00e0 respecter les mesures d\u2019hygi\u00e8ne<\/li>\n<\/ul>\n","protected":false},"excerpt":{"rendered":"<p>Code \u00e9thique Les Pieds Libres<\/p>\n","protected":false},"author":1,"featured_media":0,"parent":0,"menu_order":0,"comment_status":"closed","ping_status":"closed","template":"","meta":{"site-sidebar-layout":"default","site-content-layout":"","ast-site-content-layout":"default","site-content-style":"default","site-sidebar-style":"default","ast-global-header-display":"","ast-banner-title-visibility":"","ast-main-header-display":"","ast-hfb-above-header-display":"","ast-hfb-below-header-display":"","ast-hfb-mobile-header-display":"","site-post-title":"","ast-breadcrumbs-content":"","ast-featured-img":"","footer-sml-layout":"","theme-transparent-header-meta":"","adv-header-id-meta":"","stick-header-meta":"","header-above-stick-meta":"","header-main-stick-meta":"","header-below-stick-meta":"","astra-migrate-meta-layouts":"set","ast-page-background-enabled":"default","ast-page-background-meta":{"desktop":{"background-color":"var(--ast-global-color-4)","background-image":"","background-repeat":"repeat","background-position":"center center","background-size":"auto","background-attachment":"scroll","background-type":"","background-media":"","overlay-type":"","overlay-color":"","overlay-gradient":""},"tablet":{"background-color":"","background-image":"","background-repeat":"repeat","background-position":"center center","background-size":"auto","background-attachment":"scroll","background-type":"","background-media":"","overlay-type":"","overlay-color":"","overlay-gradient":""},"mobile":{"background-color":"","background-image":"","background-repeat":"repeat","background-position":"center center","background-size":"auto","background-attachment":"scroll","background-type":"","background-media":"","overlay-type":"","overlay-color":"","overlay-gradient":""}},"ast-content-background-meta":{"desktop":{"background-color":"var(--ast-global-color-5)","background-image":"","background-repeat":"repeat","background-position":"center center","background-size":"auto","background-attachment":"scroll","background-type":"","background-media":"","overlay-type":"","overlay-color":"","overlay-gradient":""},"tablet":{"background-color":"var(--ast-global-color-5)","background-image":"","background-repeat":"repeat","background-position":"center center","background-size":"auto","background-attachment":"scroll","background-type":"","background-media":"","overlay-type":"","overlay-color":"","overlay-gradient":""},"mobile":{"background-color":"var(--ast-global-color-5)","background-image":"","background-repeat":"repeat","background-position":"center center","background-size":"auto","background-attachment":"scroll","background-type":"","background-media":"","overlay-type":"","overlay-color":"","overlay-gradient":""}},"footnotes":""},"class_list":["post-297","page","type-page","status-publish","hentry"],"yoast_head":"<!-- This site is optimized with the Yoast SEO plugin v22.3 - https:\/\/yoast.com\/wordpress\/plugins\/seo\/ -->\n<title>Code \u00e9thique - Les Pieds Libres<\/title>\n<meta name=\"robots\" content=\"noindex, follow, max-snippet:-1, max-image-preview:large, max-video-preview:-1\" \/>\n<meta property=\"og:locale\" content=\"fr_FR\" \/>\n<meta property=\"og:type\" content=\"article\" \/>\n<meta property=\"og:title\" content=\"Code \u00e9thique - Les Pieds Libres\" \/>\n<meta property=\"og:description\" content=\"Code \u00e9thique Les Pieds Libres\" \/>\n<meta property=\"og:url\" content=\"http:\/\/www.lespiedslibres.com\/blog\/code-ethique\/\" \/>\n<meta property=\"og:site_name\" content=\"Les Pieds Libres\" \/>\n<meta property=\"article:modified_time\" content=\"2024-02-29T14:41:11+00:00\" \/>\n<meta name=\"twitter:card\" content=\"summary_large_image\" \/>\n<meta name=\"twitter:label1\" content=\"Dur\u00e9e de lecture estim\u00e9e\" \/>\n\t<meta name=\"twitter:data1\" content=\"1 minute\" \/>\n<script type=\"application\/ld+json\" class=\"yoast-schema-graph\">{\"@context\":\"https:\/\/schema.org\",\"@graph\":[{\"@type\":\"WebPage\",\"@id\":\"http:\/\/www.lespiedslibres.com\/blog\/code-ethique\/\",\"url\":\"http:\/\/www.lespiedslibres.com\/blog\/code-ethique\/\",\"name\":\"Code \u00e9thique - Les Pieds Libres\",\"isPartOf\":{\"@id\":\"http:\/\/www.lespiedslibres.com\/blog\/#website\"},\"datePublished\":\"2024-02-29T14:41:10+00:00\",\"dateModified\":\"2024-02-29T14:41:11+00:00\",\"breadcrumb\":{\"@id\":\"http:\/\/www.lespiedslibres.com\/blog\/code-ethique\/#breadcrumb\"},\"inLanguage\":\"fr-FR\",\"potentialAction\":[{\"@type\":\"ReadAction\",\"target\":[\"http:\/\/www.lespiedslibres.com\/blog\/code-ethique\/\"]}]},{\"@type\":\"BreadcrumbList\",\"@id\":\"http:\/\/www.lespiedslibres.com\/blog\/code-ethique\/#breadcrumb\",\"itemListElement\":[{\"@type\":\"ListItem\",\"position\":1,\"name\":\"Accueil\",\"item\":\"http:\/\/www.lespiedslibres.com\/blog\/\"},{\"@type\":\"ListItem\",\"position\":2,\"name\":\"Code \u00e9thique\"}]},{\"@type\":\"WebSite\",\"@id\":\"http:\/\/www.lespiedslibres.com\/blog\/#website\",\"url\":\"http:\/\/www.lespiedslibres.com\/blog\/\",\"name\":\"Les Pieds Libres\",\"description\":\"\",\"publisher\":{\"@id\":\"http:\/\/www.lespiedslibres.com\/blog\/#organization\"},\"potentialAction\":[{\"@type\":\"SearchAction\",\"target\":{\"@type\":\"EntryPoint\",\"urlTemplate\":\"http:\/\/www.lespiedslibres.com\/blog\/?s={search_term_string}\"},\"query-input\":\"required name=search_term_string\"}],\"inLanguage\":\"fr-FR\"},{\"@type\":\"Organization\",\"@id\":\"http:\/\/www.lespiedslibres.com\/blog\/#organization\",\"name\":\"Les Pieds Libres\",\"url\":\"http:\/\/www.lespiedslibres.com\/blog\/\",\"logo\":{\"@type\":\"ImageObject\",\"inLanguage\":\"fr-FR\",\"@id\":\"http:\/\/www.lespiedslibres.com\/blog\/#\/schema\/logo\/image\/\",\"url\":\"http:\/\/www.lespiedslibres.com\/blog\/wp-content\/uploads\/2021\/06\/logo-piedslibres-apres-vectorisation-74-trans.jpg\",\"contentUrl\":\"http:\/\/www.lespiedslibres.com\/blog\/wp-content\/uploads\/2021\/06\/logo-piedslibres-apres-vectorisation-74-trans.jpg\",\"width\":74,\"height\":73,\"caption\":\"Les Pieds Libres\"},\"image\":{\"@id\":\"http:\/\/www.lespiedslibres.com\/blog\/#\/schema\/logo\/image\/\"}}]}<\/script>\n<!-- \/ Yoast SEO plugin. -->","yoast_head_json":{"title":"Code \u00e9thique - Les Pieds Libres","robots":{"index":"noindex","follow":"follow","max-snippet":"max-snippet:-1","max-image-preview":"max-image-preview:large","max-video-preview":"max-video-preview:-1"},"og_locale":"fr_FR","og_type":"article","og_title":"Code \u00e9thique - Les Pieds Libres","og_description":"Code \u00e9thique Les Pieds Libres","og_url":"http:\/\/www.lespiedslibres.com\/blog\/code-ethique\/","og_site_name":"Les Pieds Libres","article_modified_time":"2024-02-29T14:41:11+00:00","twitter_card":"summary_large_image","twitter_misc":{"Dur\u00e9e de lecture estim\u00e9e":"1 minute"},"schema":{"@context":"https:\/\/schema.org","@graph":[{"@type":"WebPage","@id":"http:\/\/www.lespiedslibres.com\/blog\/code-ethique\/","url":"http:\/\/www.lespiedslibres.com\/blog\/code-ethique\/","name":"Code \u00e9thique - Les Pieds Libres","isPartOf":{"@id":"http:\/\/www.lespiedslibres.com\/blog\/#website"},"datePublished":"2024-02-29T14:41:10+00:00","dateModified":"2024-02-29T14:41:11+00:00","breadcrumb":{"@id":"http:\/\/www.lespiedslibres.com\/blog\/code-ethique\/#breadcrumb"},"inLanguage":"fr-FR","potentialAction":[{"@type":"ReadAction","target":["http:\/\/www.lespiedslibres.com\/blog\/code-ethique\/"]}]},{"@type":"BreadcrumbList","@id":"http:\/\/www.lespiedslibres.com\/blog\/code-ethique\/#breadcrumb","itemListElement":[{"@type":"ListItem","position":1,"name":"Accueil","item":"http:\/\/www.lespiedslibres.com\/blog\/"},{"@type":"ListItem","position":2,"name":"Code \u00e9thique"}]},{"@type":"WebSite","@id":"http:\/\/www.lespiedslibres.com\/blog\/#website","url":"http:\/\/www.lespiedslibres.com\/blog\/","name":"Les Pieds Libres","description":"","publisher":{"@id":"http:\/\/www.lespiedslibres.com\/blog\/#organization"},"potentialAction":[{"@type":"SearchAction","target":{"@type":"EntryPoint","urlTemplate":"http:\/\/www.lespiedslibres.com\/blog\/?s={search_term_string}"},"query-input":"required name=search_term_string"}],"inLanguage":"fr-FR"},{"@type":"Organization","@id":"http:\/\/www.lespiedslibres.com\/blog\/#organization","name":"Les Pieds Libres","url":"http:\/\/www.lespiedslibres.com\/blog\/","logo":{"@type":"ImageObject","inLanguage":"fr-FR","@id":"http:\/\/www.lespiedslibres.com\/blog\/#\/schema\/logo\/image\/","url":"http:\/\/www.lespiedslibres.com\/blog\/wp-content\/uploads\/2021\/06\/logo-piedslibres-apres-vectorisation-74-trans.jpg","contentUrl":"http:\/\/www.lespiedslibres.com\/blog\/wp-content\/uploads\/2021\/06\/logo-piedslibres-apres-vectorisation-74-trans.jpg","width":74,"height":73,"caption":"Les Pieds Libres"},"image":{"@id":"http:\/\/www.lespiedslibres.com\/blog\/#\/schema\/logo\/image\/"}}]}},"_links":{"self":[{"href":"http:\/\/www.lespiedslibres.com\/blog\/wp-json\/wp\/v2\/pages\/297","targetHints":{"allow":["GET"]}}],"collection":[{"href":"http:\/\/www.lespiedslibres.com\/blog\/wp-json\/wp\/v2\/pages"}],"about":[{"href":"http:\/\/www.lespiedslibres.com\/blog\/wp-json\/wp\/v2\/types\/page"}],"author":[{"embeddable":true,"href":"http:\/\/www.lespiedslibres.com\/blog\/wp-json\/wp\/v2\/users\/1"}],"replies":[{"embeddable":true,"href":"http:\/\/www.lespiedslibres.com\/blog\/wp-json\/wp\/v2\/comments?post=297"}],"version-history":[{"count":1,"href":"http:\/\/www.lespiedslibres.com\/blog\/wp-json\/wp\/v2\/pages\/297\/revisions"}],"predecessor-version":[{"id":299,"href":"http:\/\/www.lespiedslibres.com\/blog\/wp-json\/wp\/v2\/pages\/297\/revisions\/299"}],"wp:attachment":[{"href":"http:\/\/www.lespiedslibres.com\/blog\/wp-json\/wp\/v2\/media?parent=297"}],"curies":[{"name":"wp","href":"https:\/\/api.w.org\/{rel}","templated":true}]}}